{"id":1213,"date":"2023-10-31T04:07:43","date_gmt":"2023-10-31T04:07:43","guid":{"rendered":"https:\/\/taghicar.com\/?page_id=1213"},"modified":"2026-03-13T22:53:10","modified_gmt":"2026-03-13T22:53:10","slug":"location-voiture-tanger-2","status":"publish","type":"page","link":"https:\/\/taghicar.com\/de\/location-voiture-tanger-2\/","title":{"rendered":"Cars Search Grid"},"content":{"rendered":"<div data-elementor-type=\"wp-page\" data-elementor-id=\"1213\" class=\"elementor elementor-1213\" data-elementor-post-type=\"page\">\n\t\t\t\t<div class=\"elementor-element elementor-element-ae78e8b e-flex e-con-boxed e-con e-parent\" data-id=\"ae78e8b\" data-element_type=\"container\" data-e-type=\"container\">\n\t\t\t\t\t<div class=\"e-con-inner\">\n\t\t\t\t<div class=\"elementor-element elementor-element-a07aae0 elementor-widget elementor-widget-remons_elementor_product_search_ajax\" data-id=\"a07aae0\" data-element_type=\"widget\" data-e-type=\"widget\" data-widget_type=\"remons_elementor_product_search_ajax.default\">\n\t\t\t\t<div class=\"elementor-widget-container\">\n\t\t\t\t\t\n\t\t\t<div class=\"ovabrw-product-search-ajax search-position-right\">\n\n\t\t\t\t<!-- Search Form -->\n\t\t\t\t<div class=\"ova-product-search ovabrw_wd_search\">\n\t\t\t\t\t<form\n\t\t\t\t\t\tclass=\"product-search-form\"\n\t\t\t\t\t\tmethod=\"POST\"\n\t\t\t\t\t\taction=\"\"\n\t\t\t\t\t\tautocomplete=\"off\"\n\t\t\t\t\t\tautocapitalize=\"none\" data-trp-original-action=\"\">\n\t\t\t\t\t\t<div class=\"product-search-content wrap_content column1\">\n\t\t\t\t\t\t\t<h2 class=\"search-heading\">\n\t\t\t\t\t\t\t\tSearch Car\t\t\t\t\t\t\t<\/h2>\n\t\t\t\t\t\t\t\t\t\t\t\t\t\t\t\t\t<div class=\"label_search ova-pickup-location\">\n\t\t\t\t\t\t\t\t\t\t\t<label class=\"field-label\">\n\t\t\t\t\t\t\t\t\t\t\t\tPick-up Location\t\t\t\t\t\t\t\t\t\t\t<\/label>\n\t\t\t\t\t\t\t\t\t\t\t<select name=\"ovabrw_pickup_loc\" class=\"ovabrw_pickup_loc\"><option value=\"\">Select Location<\/option><option value=\"Agence TAGHI-CAR\" >Agence TAGHI-CAR<\/option><option value=\"Centre-ville de Tanger\" >Stadtzentrum von Tanger<\/option><option value=\"Port de Tanger Med\" >Port de Tanger Med<\/option><option value=\"Gare de Tanger Ville\" >Gare de Tanger Ville<\/option><option value=\"A\u00e9roport Ibn Batouta de Tanger\" >A\u00e9roport Ibn Batouta de Tanger<\/option><\/select>\t\t\t\t\t\t\t\t\t\t<\/div>\n\t\t\t\t\t\t\t\t\t\t\t\t\t\t\t\t\t\t\t\t\t\t\t\t\t\t<div class=\"label_search ova-pickup-date\">\n\t\t\t\t\t\t\t\t\t\t\t<label class=\"field-label\">\n\t\t\t\t\t\t\t\t\t\t\t\tPick-up Date\t\t\t\t\t\t\t\t\t\t\t<\/label>\n\t\t\t\t\t\t\t\t\t\t\t<div class=\"input-with-icon\" style=\"position: relative;\">\n\t\t\t\t\t\t\t\t\t\t\t\t<input type=\"text\" id=\"ovabrw_ovabrw_pickup_date_1777499545_1749005891\" class=\"ovabrw_start_date ovabrw-datetimepicker-start\" name=\"ovabrw_pickup_date\" value=\"\" placeholder=\"d-m-Y H:i\"   \/>\t\t\t\t\t\t\t\t\t\t\t\t<i class=\"ova-calendar ovaicon-calendar\"><\/i>\n\t\t\t\t\t\t\t\t\t\t\t<\/div>\n\t\t\t\t\t\t\t\t\t\t<\/div>\n\t\t\t\t\t\t\t\t\t\t\t\t\t\t\t\t\t\t\t\t\t\t\t\t\t\t<div class=\"label_search ova-dropoff-date\">\n\t\t\t\t\t\t\t\t\t\t\t<label class=\"field-label\">\n\t\t\t\t\t\t\t\t\t\t\t\tDrop-off Date\t\t\t\t\t\t\t\t\t\t\t<\/label>\n\t\t\t\t\t\t\t\t\t\t\t<div class=\"input-with-icon\" style=\"position: relative;\">\n\t\t\t\t\t\t\t\t\t\t\t\t<input type=\"text\" id=\"ovabrw_ovabrw_pickoff_date_1777499545_9088971\" class=\"ovabrw_end_date ovabrw-datetimepicker-end\" name=\"ovabrw_pickoff_date\" value=\"\" placeholder=\"d-m-Y H:i\"   \/>\t\t\t\t\t\t\t\t\t\t\t\t<i class=\"ova-calendar ovaicon-calendar\"><\/i>\n\t\t\t\t\t\t\t\t\t\t\t<\/div>\n\t\t\t\t\t\t\t\t\t\t<\/div>\n\t\t\t\t\t\t\t\t\t\t\t\t\t\t\t\t\t\t\t\t\t\t\t\t\t\t<div class=\"label_search ova-category\">\n\t\t\t\t\t\t\t\t\t\t\t<label class=\"field-label\">\n\t\t\t\t\t\t\t\t\t\t\t\tCar Type\t\t\t\t\t\t\t\t\t\t\t<\/label>\n\t\t\t\t\t\t\t\t\t\t\t<select  name='cat' id='cat' class='postform'>\n\t<option value=''>Car Type<\/option>\n\t<option class=\"level-0\" value=\"monospace\">Minivan<\/option>\n\t<option class=\"level-0\" value=\"suv\">SUV<\/option>\n\t<option class=\"level-0\" value=\"voitures-de-luxe\">Luxusautos<\/option>\n\t<option class=\"level-0\" value=\"utilitaires\">Dienstprogramme<\/option>\n\t<option class=\"level-0\" value=\"compactes\">Kompakt<\/option>\n\t<option class=\"level-0\" value=\"citadine\">Stadtm\u00e4dchen<\/option>\n<\/select>\n\t\t\t\t\t\t\t\t\t\t<\/div>\n\t\t\t\t\t\t\t\t\t\t\t\t\t\t\t\t\t\t\t\t\t\t\t\t\t\t<div class=\"label_search ova-quantity\">\n\t\t\t\t\t\t\t\t\t\t\t<label class=\"field-label\">\n\t\t\t\t\t\t\t\t\t\t\t\tQuantity\t\t\t\t\t\t\t\t\t\t\t<\/label>\n\t\t\t\t\t\t\t\t\t\t\t<div class=\"quantity-button\">\n\t\t\t\t\t\t\t\t\t\t\t\t<input\n\t\t\t\t\t\t\t\t\t\t\t\t\ttype=\"text\"\n\t\t\t\t\t\t\t\t\t\t\t\t\tclass=\"ovabrw_quantity\"\n\t\t\t\t\t\t\t\t\t\t\t\t\tid=\"ovabrw_quantity\"\n\t\t\t\t\t\t\t\t\t\t\t\t\tname=\"ovabrw_quantity\"\n\t\t\t\t\t\t\t\t\t\t\t\t\tvalue=\"1\"\n\t\t\t\t\t\t\t\t\t\t\t\t\tmin=\"1\"\n\t\t\t\t\t\t\t\t\t\t\t\t\/>\n\t\t\t\t\t\t\t\t\t\t\t\t<div class=\"quantity-icon minus\">\n\t\t\t\t\t\t\t\t\t\t\t\t\t<i class=\"ovaicon ovaicon-minus\"><\/i>\n\t\t\t\t\t\t\t\t\t\t\t\t<\/div>\n\t\t\t\t\t\t\t\t\t\t\t\t<div class=\"quantity-icon plus\">\n\t\t\t\t\t\t\t\t\t\t\t\t\t<i class=\"ovaicon ovaicon-plus\"><\/i>\n\t\t\t\t\t\t\t\t\t\t\t\t<\/div>\n\t\t\t\t\t\t\t\t\t\t\t<\/div>\n\t\t\t\t\t\t\t\t\t\t<\/div>\n\t\t\t\t\t\t\t\t\t\t\t\t\t\t\t\t\t\t\t\t\t\t\t\t\t\t\t\t\t\t\t\t\t\t\t\t\t\t\t\t\t\t\t\t\t\t\t\t\t\t\t\n\t\t\t\t\t\t\t\t\t\t\t\t\t\t\t<div class=\"show_taxonomy\" data-show_taxonomy=\"\"><\/div>\n\t\t\t\t\t\t\t\t<input\n\t\t\t\t\t\t\t\t\ttype=\"hidden\"\n\t\t\t\t\t\t\t\t\tid=\"data_taxonomy_custom\"\n\t\t\t\t\t\t\t\t\tname=\"data_taxonomy_custom\"\n\t\t\t\t\t\t\t\t\tvalue=\"[]\"\n\t\t\t\t\t\t\t\t\/>\n\t\t\t\t\t\t\t\n\t\t\t\t\t\t\t<div class=\"product-search-submit\">\n\t\t\t                    <button class=\"ovabrw_btn_submit\" type=\"submit\">\n\t\t\t                    \tFind a Car\t\t\t                    \t\t\t\t                    <\/button>\n\t\t\t                <\/div>\n\n\t\t\t\t            \t\t\t\t\t\t<\/div>      \n\t\t\t\t\t<input type=\"hidden\" name=\"trp-form-language\" value=\"de\"\/><\/form>\n\t\t\t\t<\/div>\n\n\t\t\t\t<div class=\"wrap_search_result\">\n\n\t\t\t\t\t\t\t\t\t\t\t<div class=\"wrap_search_filter\">\n\t\t\t\t\t\t\t\t\t\t\t\t\t\t\t<div class=\"results_found\">\n\t\t\t\t\t\t\t\t\t\t\t\t\t\t\t\t\t\t<span>\n\t\t\t\t\t\t\t\t\t\t24 Results Found\t\t\t\t\t\t\t\t\t<\/span>\n\t\t\t\t\t\t\t\t\t\n\t\t\t\t\t\t\t\t\t\t\t\t\t\t\t\t\t\t\t<span>\n\t\t\t\t\t\t\t\t\t\t\t(Showing 1-6)\t\t\t\t\t\t\t\t\t\t<\/span>\n\t\t\t\t\t\t\t\t\t\t\t\t\t\t\t\t\t<\/div>\n\t\t\t\t\t\t\t\n\t\t\t\t\t\t\t\t\t\t\t\t\t\t\t<div id=\"search_sort\">\n\t\t\t\t\t\t\t\t\t\t\t\t\t\t\t\t\t\t<select name=\"sort\">\n\t\t\t\t\t\t\t\t\t\t<option value=\"\">Sort By<\/option>\n\t\t\t\t\t\t\t\t\t\t<option value=\"date-desc\" selected='selected'>\n\t\t\t\t\t\t\t\t\t\t\tNewest First\t\t\t\t\t\t\t\t\t\t<\/option>\n\t\t\t\t\t\t\t\t\t\t<option value=\"date-asc\">\n\t\t\t\t\t\t\t\t\t\t\tOldest First\t\t\t\t\t\t\t\t\t\t<\/option>\n\t\t\t\t\t\t\t\t\t\t\t\t\t\t\t\t\t\t\t\t<option value=\"a-z\" >\n\t\t\t\t\t\t\t\t\t\t\tA-Z\t\t\t\t\t\t\t\t\t\t<\/option>\n\t\t\t\t\t\t\t\t\t\t<option value=\"z-a\"  >\n\t\t\t\t\t\t\t\t\t\t\tZ-A\t\t\t\t\t\t\t\t\t\t<\/option>\n\t\t\t\t\t\t\t\t\t<\/select>\n\t\t\t\t\t\t\t\t<\/div>\n\t\t\t\t\t\t\t\t\t\t\t\t\t<\/div>\n\t\t\t\t\t\n\t\t\t\t\t<!-- Radius -->\n\t\t\t\t\t<div class=\"wrap_search_radius\" \n\t\t\t\t\t\tdata-map_range_radius=\"50\" \n\t\t\t\t\t\tdata-map_range_radius_min=\"0\" \n\t\t\t\t\t\tdata-map_range_radius_max=\"100\">\n\t\t\t\t\t\t<span>Radius:<\/span>\n\t\t\t\t\t\t<span class=\"result_radius\">50km<\/span>\n\t\t\t\t\t\t<div id=\"wrap_pointer\"><\/div>\n\t\t\t\t\t\t<input\n\t\t\t\t\t\t\ttype=\"hidden\"\n\t\t\t\t\t\t\tvalue=\"50\"\n\t\t\t\t\t\t\tname=\"radius\"\n\t\t\t\t\t\t\/>\n\t\t\t\t\t<\/div>\n\t\t\t\t\t<!-- End Radius -->\n\n\t\t\t\t\t<!-- Load more -->\n\t\t\t\t\t<div class=\"wrap_load_more\" style=\"display: none;\">\n\t\t\t\t\t\t<svg class=\"loader\" width=\"50\" height=\"50\">\n\t\t\t\t\t\t\t<circle cx=\"25\" cy=\"25\" r=\"10\" stroke=\"#FF3726\"\/>\n\t\t\t\t\t\t\t<circle cx=\"25\" cy=\"25\" r=\"20\" stroke=\"#FF3726\"\/>\n\t\t\t\t\t\t<\/svg>\n\t\t\t\t\t<\/div>\n\n\t\t\t\t\t<!-- Search result -->\n\t\t\t\t\t<div\n\t\t\t\t\t\tid=\"search_result\"\n\t\t\t\t\t\tclass=\"search_result\"\n\t\t\t\t\t\tdata-card=\"card1\"\n\t\t\t\t\t\tdata-column=\"two-column\"\n\t\t\t\t\t\tdata-order=\"DESC\"\n\t\t\t\t\t\tdata-orderby=\"date\"\n\t\t\t\t\t\tdata-per_page=\"6\"\n\t\t\t\t\t\tdata-lat=\"39.177972\"\n\t\t\t\t\t\tdata-lng=\"-100.36375\"\n\t\t\t\t\t>\n\t\t\t\t\t\t\t\t\t\t\t\t\t\t<div class=\"ovabrw_pagination_ajax\">\n\t\t\t\t\t\t\t\t<ul><li><span data-paged=\"1\" class=\"prev page-numbers current\" >1<\/span><\/li><li><span data-paged=\"2\" class=\"prev page-numbers\" >2<\/span><\/li><li><span data-paged=\"3\" class=\"prev page-numbers\" >3<\/span><\/li><li><span data-paged=\"4\" class=\"prev page-numbers\" >4<\/span><\/li><li><span data-paged=\"2\" class=\"next page-numbers\" >Next<\/span><\/li>\t\t\t\t\t\t\t\t<\/div>\n\t\t\t\t\t\t\t\t\t\t\t\t\t<\/div>\n\t\t\t\t<\/div>\n\t\t\t<\/div>\n\n\t\t\t\t\t\t<\/div>\n\t\t\t\t<\/div>\n\t\t\t\t\t<\/div>\n\t\t\t\t<\/div>\n\t\t\t\t<\/div>","protected":false},"excerpt":{"rendered":"<p>Search Car Pick-up Location Select LocationHoustonTexasSan Jose, CASan Diego, CAWashingtonLos Angeles, CANew York Pick-up Date Drop-off Date Car Type Car TypeSedanSportsJeepSUVLimousineCabrioletAuto PartsCar Wash Quantity Find a Car 17 Results Found (Showing 1-6) Sort By Newest First Oldest First Average rating A-Z Z-A Radius: 50km 1 2 3 Next<\/p>","protected":false},"author":1,"featured_media":0,"parent":0,"menu_order":0,"comment_status":"closed","ping_status":"closed","template":"elementor_header_footer","meta":{"footnotes":""},"class_list":["post-1213","page","type-page","status-publish","hentry"],"yoast_head":"<!-- This site is optimized with the Yoast SEO Premium plugin v24.5 (Yoast SEO v27.5) - https:\/\/yoast.com\/product\/yoast-seo-premium-wordpress\/ -->\n<title>Location voiture Tanger \u2013 Prix comp\u00e9titifs grand choix | TAGHI CAR<\/title>\n<meta name=\"description\" content=\"Location de voiture fiable \u00e0 Tanger avec TAGHI CAR. Large choix de v\u00e9hicules, prix comp\u00e9titifs, r\u00e9servation facile et assistance 24h\/24...\" \/>\n<meta name=\"robots\" content=\"index, follow, max-snippet:-1, max-image-preview:large, max-video-preview:-1\" \/>\n<link rel=\"canonical\" href=\"https:\/\/taghicar.com\/de\/location-voiture-tanger-2\/\" \/>\n<meta property=\"og:locale\" content=\"de_DE\" \/>\n<meta property=\"og:type\" content=\"article\" \/>\n<meta property=\"og:title\" content=\"Cars Search Grid\" \/>\n<meta property=\"og:description\" content=\"Location de voiture fiable \u00e0 Tanger avec TAGHI CAR. Large choix de v\u00e9hicules, prix comp\u00e9titifs, r\u00e9servation facile et assistance 24h\/24...\" \/>\n<meta property=\"og:url\" content=\"https:\/\/taghicar.com\/de\/location-voiture-tanger-2\/\" \/>\n<meta property=\"og:site_name\" content=\"TAGHI-CAR\" \/>\n<meta property=\"article:modified_time\" content=\"2026-03-13T22:53:10+00:00\" \/>\n<meta name=\"twitter:card\" content=\"summary_large_image\" \/>\n<meta name=\"twitter:label1\" content=\"Gesch\u00e4tzte Lesezeit\" \/>\n\t<meta name=\"twitter:data1\" content=\"1\u00a0Minute\" \/>\n<script type=\"application\/ld+json\" class=\"yoast-schema-graph\">{\"@context\":\"https:\\\/\\\/schema.org\",\"@graph\":[{\"@type\":\"WebPage\",\"@id\":\"https:\\\/\\\/taghicar.com\\\/location-voiture-tanger-2\\\/\",\"url\":\"https:\\\/\\\/taghicar.com\\\/location-voiture-tanger-2\\\/\",\"name\":\"Location voiture Tanger \u2013 Prix comp\u00e9titifs grand choix | TAGHI CAR\",\"isPartOf\":{\"@id\":\"https:\\\/\\\/taghicar.com\\\/#website\"},\"datePublished\":\"2023-10-31T04:07:43+00:00\",\"dateModified\":\"2026-03-13T22:53:10+00:00\",\"description\":\"Location de voiture fiable \u00e0 Tanger avec TAGHI CAR. Large choix de v\u00e9hicules, prix comp\u00e9titifs, r\u00e9servation facile et assistance 24h\\\/24...\",\"breadcrumb\":{\"@id\":\"https:\\\/\\\/taghicar.com\\\/location-voiture-tanger-2\\\/#breadcrumb\"},\"inLanguage\":\"de\",\"potentialAction\":[{\"@type\":\"ReadAction\",\"target\":[\"https:\\\/\\\/taghicar.com\\\/location-voiture-tanger-2\\\/\"]}]},{\"@type\":\"BreadcrumbList\",\"@id\":\"https:\\\/\\\/taghicar.com\\\/location-voiture-tanger-2\\\/#breadcrumb\",\"itemListElement\":[{\"@type\":\"ListItem\",\"position\":1,\"name\":\"Accueil\",\"item\":\"https:\\\/\\\/taghicar.com\\\/\"},{\"@type\":\"ListItem\",\"position\":2,\"name\":\"Cars Search Grid\"}]},{\"@type\":\"WebSite\",\"@id\":\"https:\\\/\\\/taghicar.com\\\/#website\",\"url\":\"https:\\\/\\\/taghicar.com\\\/\",\"name\":\"TAGHI-CAR\",\"description\":\"\",\"potentialAction\":[{\"@type\":\"SearchAction\",\"target\":{\"@type\":\"EntryPoint\",\"urlTemplate\":\"https:\\\/\\\/taghicar.com\\\/?s={search_term_string}\"},\"query-input\":{\"@type\":\"PropertyValueSpecification\",\"valueRequired\":true,\"valueName\":\"search_term_string\"}}],\"inLanguage\":\"de\"},{\"@type\":\"ImageObject\",\"inLanguage\":\"de\",\"@id\":\"https:\\\/\\\/taghicar.com\\\/location-voiture-tanger-2\\\/#local-main-organization-logo\",\"url\":\"\",\"contentUrl\":\"\",\"caption\":\"TAGHI-CAR\"}]}<\/script>\n<!-- \/ Yoast SEO Premium plugin. -->","yoast_head_json":{"title":"Location voiture Tanger \u2013 Prix comp\u00e9titifs grand choix | TAGHI CAR","description":"Location de voiture fiable \u00e0 Tanger avec TAGHI CAR. Large choix de v\u00e9hicules, prix comp\u00e9titifs, r\u00e9servation facile et assistance 24h\/24...","robots":{"index":"index","follow":"follow","max-snippet":"max-snippet:-1","max-image-preview":"max-image-preview:large","max-video-preview":"max-video-preview:-1"},"canonical":"https:\/\/taghicar.com\/de\/location-voiture-tanger-2\/","og_locale":"de_DE","og_type":"article","og_title":"Cars Search Grid","og_description":"Location de voiture fiable \u00e0 Tanger avec TAGHI CAR. Large choix de v\u00e9hicules, prix comp\u00e9titifs, r\u00e9servation facile et assistance 24h\/24...","og_url":"https:\/\/taghicar.com\/de\/location-voiture-tanger-2\/","og_site_name":"TAGHI-CAR","article_modified_time":"2026-03-13T22:53:10+00:00","twitter_card":"summary_large_image","twitter_misc":{"Gesch\u00e4tzte Lesezeit":"1\u00a0Minute"},"schema":{"@context":"https:\/\/schema.org","@graph":[{"@type":"WebPage","@id":"https:\/\/taghicar.com\/location-voiture-tanger-2\/","url":"https:\/\/taghicar.com\/location-voiture-tanger-2\/","name":"Location voiture Tanger \u2013 Prix comp\u00e9titifs grand choix | TAGHI CAR","isPartOf":{"@id":"https:\/\/taghicar.com\/#website"},"datePublished":"2023-10-31T04:07:43+00:00","dateModified":"2026-03-13T22:53:10+00:00","description":"Location de voiture fiable \u00e0 Tanger avec TAGHI CAR. Large choix de v\u00e9hicules, prix comp\u00e9titifs, r\u00e9servation facile et assistance 24h\/24...","breadcrumb":{"@id":"https:\/\/taghicar.com\/location-voiture-tanger-2\/#breadcrumb"},"inLanguage":"de","potentialAction":[{"@type":"ReadAction","target":["https:\/\/taghicar.com\/location-voiture-tanger-2\/"]}]},{"@type":"BreadcrumbList","@id":"https:\/\/taghicar.com\/location-voiture-tanger-2\/#breadcrumb","itemListElement":[{"@type":"ListItem","position":1,"name":"Accueil","item":"https:\/\/taghicar.com\/"},{"@type":"ListItem","position":2,"name":"Cars Search Grid"}]},{"@type":"WebSite","@id":"https:\/\/taghicar.com\/#website","url":"https:\/\/taghicar.com\/","name":"TAGHI-CAR","description":"","potentialAction":[{"@type":"SearchAction","target":{"@type":"EntryPoint","urlTemplate":"https:\/\/taghicar.com\/?s={search_term_string}"},"query-input":{"@type":"PropertyValueSpecification","valueRequired":true,"valueName":"search_term_string"}}],"inLanguage":"de"},{"@type":"ImageObject","inLanguage":"de","@id":"https:\/\/taghicar.com\/location-voiture-tanger-2\/#local-main-organization-logo","url":"","contentUrl":"","caption":"TAGHI-CAR"}]}},"_links":{"self":[{"href":"https:\/\/taghicar.com\/de\/wp-json\/wp\/v2\/pages\/1213","targetHints":{"allow":["GET"]}}],"collection":[{"href":"https:\/\/taghicar.com\/de\/wp-json\/wp\/v2\/pages"}],"about":[{"href":"https:\/\/taghicar.com\/de\/wp-json\/wp\/v2\/types\/page"}],"author":[{"embeddable":true,"href":"https:\/\/taghicar.com\/de\/wp-json\/wp\/v2\/users\/1"}],"replies":[{"embeddable":true,"href":"https:\/\/taghicar.com\/de\/wp-json\/wp\/v2\/comments?post=1213"}],"version-history":[{"count":1,"href":"https:\/\/taghicar.com\/de\/wp-json\/wp\/v2\/pages\/1213\/revisions"}],"predecessor-version":[{"id":8980,"href":"https:\/\/taghicar.com\/de\/wp-json\/wp\/v2\/pages\/1213\/revisions\/8980"}],"wp:attachment":[{"href":"https:\/\/taghicar.com\/de\/wp-json\/wp\/v2\/media?parent=1213"}],"curies":[{"name":"wp","href":"https:\/\/api.w.org\/{rel}","templated":true}]}}