{"id":7627,"date":"2025-02-25T14:29:42","date_gmt":"2025-02-25T14:29:42","guid":{"rendered":"https:\/\/taghicar.com\/?page_id=7627"},"modified":"2025-02-25T15:13:51","modified_gmt":"2025-02-25T15:13:51","slug":"explorer-avec-taghicar","status":"publish","type":"page","link":"https:\/\/taghicar.com\/en\/explorer-avec-taghicar\/","title":{"rendered":"Explore with Taghicar"},"content":{"rendered":"<div data-elementor-type=\"wp-page\" data-elementor-id=\"7627\" class=\"elementor elementor-7627\" data-elementor-post-type=\"page\">\n\t\t\t\t<div class=\"elementor-element elementor-element-082d5d6 e-flex e-con-boxed e-con e-parent\" data-id=\"082d5d6\" data-element_type=\"container\" data-e-type=\"container\">\n\t\t\t\t\t<div class=\"e-con-inner\">\n\t\t\t\t<div class=\"elementor-element elementor-element-f0e9528 elementor-posts__hover-none elementor-grid-3 elementor-grid-tablet-2 elementor-grid-mobile-1 elementor-posts--thumbnail-top elementor-card-shadow-yes elementor-widget elementor-widget-posts\" data-id=\"f0e9528\" data-element_type=\"widget\" data-e-type=\"widget\" data-settings=\"{&quot;cards_columns&quot;:&quot;3&quot;,&quot;cards_columns_tablet&quot;:&quot;2&quot;,&quot;cards_columns_mobile&quot;:&quot;1&quot;,&quot;cards_row_gap&quot;:{&quot;unit&quot;:&quot;px&quot;,&quot;size&quot;:35,&quot;sizes&quot;:[]},&quot;cards_row_gap_tablet&quot;:{&quot;unit&quot;:&quot;px&quot;,&quot;size&quot;:&quot;&quot;,&quot;sizes&quot;:[]},&quot;cards_row_gap_mobile&quot;:{&quot;unit&quot;:&quot;px&quot;,&quot;size&quot;:&quot;&quot;,&quot;sizes&quot;:[]}}\" data-widget_type=\"posts.cards\">\n\t\t\t\t<div class=\"elementor-widget-container\">\n\t\t\t\t\t\t\t<div class=\"elementor-posts-container elementor-posts elementor-posts--skin-cards elementor-grid\">\n\t\t\t\t<article class=\"elementor-post elementor-grid-item post-9118 post type-post status-publish format-standard has-post-thumbnail hentry category-rental tag-rent-renault-clio-5-in-tangier\">\n\t\t\t<div class=\"elementor-post__card\">\n\t\t\t\t<a class=\"elementor-post__thumbnail__link\" href=\"https:\/\/taghicar.com\/en\/2026\/04\/08\/rent-renault-clio-5-in-tangier-complete-2026-guide\/\" tabindex=\"-1\" ><div class=\"elementor-post__thumbnail\"><img fetchpriority=\"high\" decoding=\"async\" width=\"900\" height=\"1600\" src=\"https:\/\/taghicar.com\/wp-content\/uploads\/2026\/04\/WhatsApp-Image-2026-04-03-at-7.47.44-PM1111.jpeg\" class=\"attachment-full size-full wp-image-9119\" alt=\"rent Renault Clio 5 in tanger\" srcset=\"https:\/\/taghicar.com\/wp-content\/uploads\/2026\/04\/WhatsApp-Image-2026-04-03-at-7.47.44-PM1111.jpeg 900w, https:\/\/taghicar.com\/wp-content\/uploads\/2026\/04\/WhatsApp-Image-2026-04-03-at-7.47.44-PM1111-169x300.jpeg 169w, https:\/\/taghicar.com\/wp-content\/uploads\/2026\/04\/WhatsApp-Image-2026-04-03-at-7.47.44-PM1111-576x1024.jpeg 576w, https:\/\/taghicar.com\/wp-content\/uploads\/2026\/04\/WhatsApp-Image-2026-04-03-at-7.47.44-PM1111-768x1365.jpeg 768w, https:\/\/taghicar.com\/wp-content\/uploads\/2026\/04\/WhatsApp-Image-2026-04-03-at-7.47.44-PM1111-864x1536.jpeg 864w, https:\/\/taghicar.com\/wp-content\/uploads\/2026\/04\/WhatsApp-Image-2026-04-03-at-7.47.44-PM1111-7x12.jpeg 7w, https:\/\/taghicar.com\/wp-content\/uploads\/2026\/04\/WhatsApp-Image-2026-04-03-at-7.47.44-PM1111-700x1244.jpeg 700w\" sizes=\"(max-width: 900px) 100vw, 900px\" \/><\/div><\/a>\n\t\t\t\t<div class=\"elementor-post__text\">\n\t\t\t\t<h3 class=\"elementor-post__title\">\n\t\t\t<a href=\"https:\/\/taghicar.com\/en\/2026\/04\/08\/rent-renault-clio-5-in-tangier-complete-2026-guide\/\" >\n\t\t\t\tRent Renault Clio 5 in Tangier Complete 2026 Guide\t\t\t<\/a>\n\t\t<\/h3>\n\t\t\t\t<div class=\"elementor-post__excerpt\">\n\t\t\t<p>Why Choose a Renault Clio 5 in Tangier Perfect Fit for Moroccan Roads If you\u2019ve ever wandered through Tangier\u2019s lively streets, you\u2019ll know one thing instantly\u2014space is tight, traffic can<\/p>\n\t\t<\/div>\n\t\t\n\t\t<a class=\"elementor-post__read-more\" href=\"https:\/\/taghicar.com\/en\/2026\/04\/08\/rent-renault-clio-5-in-tangier-complete-2026-guide\/\" aria-label=\"Read more about Rent Renault Clio 5 in Tangier Complete 2026 Guide\" tabindex=\"-1\" >\n\t\t\tLearn more \u00bb\t\t<\/a>\n\n\t\t\t\t<\/div>\n\t\t\t\t<div class=\"elementor-post__meta-data\">\n\t\t\t\t\t<span class=\"elementor-post-date\">\n\t\t\tApril 8, 2026\t\t<\/span>\n\t\t\t\t<span class=\"elementor-post-avatar\">\n\t\t\tNo Comments\t\t<\/span>\n\t\t\t\t<\/div>\n\t\t\t\t\t<\/div>\n\t\t<\/article>\n\t\t\t\t<article class=\"elementor-post elementor-grid-item post-8985 post type-post status-publish format-standard has-post-thumbnail hentry category-rental tag-no-deposit-required-in-tangier\">\n\t\t\t<div class=\"elementor-post__card\">\n\t\t\t\t<a class=\"elementor-post__thumbnail__link\" href=\"https:\/\/taghicar.com\/en\/2026\/03\/15\/car-rental-with-no-deposit-required-in-tangier-morocco\/\" tabindex=\"-1\" ><div class=\"elementor-post__thumbnail\"><img decoding=\"async\" width=\"900\" height=\"1600\" src=\"https:\/\/taghicar.com\/wp-content\/uploads\/2026\/03\/WhatsApp-Image-2026-03-01-at-5.58.38-PM-2.jpeg\" class=\"attachment-full size-full wp-image-8987\" alt=\"rent Renault Clio 5 in tanger\" srcset=\"https:\/\/taghicar.com\/wp-content\/uploads\/2026\/03\/WhatsApp-Image-2026-03-01-at-5.58.38-PM-2.jpeg 900w, https:\/\/taghicar.com\/wp-content\/uploads\/2026\/03\/WhatsApp-Image-2026-03-01-at-5.58.38-PM-2-169x300.jpeg 169w, https:\/\/taghicar.com\/wp-content\/uploads\/2026\/03\/WhatsApp-Image-2026-03-01-at-5.58.38-PM-2-576x1024.jpeg 576w, https:\/\/taghicar.com\/wp-content\/uploads\/2026\/03\/WhatsApp-Image-2026-03-01-at-5.58.38-PM-2-768x1365.jpeg 768w, https:\/\/taghicar.com\/wp-content\/uploads\/2026\/03\/WhatsApp-Image-2026-03-01-at-5.58.38-PM-2-864x1536.jpeg 864w, https:\/\/taghicar.com\/wp-content\/uploads\/2026\/03\/WhatsApp-Image-2026-03-01-at-5.58.38-PM-2-7x12.jpeg 7w, https:\/\/taghicar.com\/wp-content\/uploads\/2026\/03\/WhatsApp-Image-2026-03-01-at-5.58.38-PM-2-700x1244.jpeg 700w\" sizes=\"(max-width: 900px) 100vw, 900px\" \/><\/div><\/a>\n\t\t\t\t<div class=\"elementor-post__text\">\n\t\t\t\t<h3 class=\"elementor-post__title\">\n\t\t\t<a href=\"https:\/\/taghicar.com\/en\/2026\/03\/15\/car-rental-with-no-deposit-required-in-tangier-morocco\/\" >\n\t\t\t\tCar Rental With No Deposit Required in Tangier, Morocco\t\t\t<\/a>\n\t\t<\/h3>\n\t\t\t\t<div class=\"elementor-post__excerpt\">\n\t\t\t<p>Discovering Tangier With the Freedom of a Rental Car Why Visitors Prefer Renting a Car in Tangier Tangier is one of Morocco\u2019s most fascinating coastal cities. Sitting right at the<\/p>\n\t\t<\/div>\n\t\t\n\t\t<a class=\"elementor-post__read-more\" href=\"https:\/\/taghicar.com\/en\/2026\/03\/15\/car-rental-with-no-deposit-required-in-tangier-morocco\/\" aria-label=\"Read more about Car Rental With No Deposit Required in Tangier, Morocco\" tabindex=\"-1\" >\n\t\t\tLearn more \u00bb\t\t<\/a>\n\n\t\t\t\t<\/div>\n\t\t\t\t<div class=\"elementor-post__meta-data\">\n\t\t\t\t\t<span class=\"elementor-post-date\">\n\t\t\tMarch 15, 2026\t\t<\/span>\n\t\t\t\t<span class=\"elementor-post-avatar\">\n\t\t\tNo Comments\t\t<\/span>\n\t\t\t\t<\/div>\n\t\t\t\t\t<\/div>\n\t\t<\/article>\n\t\t\t\t<article class=\"elementor-post elementor-grid-item post-8964 post type-post status-publish format-standard has-post-thumbnail hentry category-rental tag-rent-a-car-in-tangier-city-for-eid-al-fitr\">\n\t\t\t<div class=\"elementor-post__card\">\n\t\t\t\t<a class=\"elementor-post__thumbnail__link\" href=\"https:\/\/taghicar.com\/en\/2026\/03\/11\/rent-a-car-in-tangier-city-for-eid-al-fitr-2026\/\" tabindex=\"-1\" ><div class=\"elementor-post__thumbnail\"><img decoding=\"async\" width=\"1599\" height=\"899\" src=\"https:\/\/taghicar.com\/wp-content\/uploads\/2025\/06\/Location-Voiture-Tanger-Centre-Ville-\u2013-Louez-Facilement-au-Coeur-de-Tanger-2.jpg\" class=\"attachment-full size-full wp-image-7938\" alt=\"Rent a car in Tangier city for Eid al-Fitr\" srcset=\"https:\/\/taghicar.com\/wp-content\/uploads\/2025\/06\/Location-Voiture-Tanger-Centre-Ville-\u2013-Louez-Facilement-au-Coeur-de-Tanger-2.jpg 1599w, https:\/\/taghicar.com\/wp-content\/uploads\/2025\/06\/Location-Voiture-Tanger-Centre-Ville-\u2013-Louez-Facilement-au-Coeur-de-Tanger-2-300x169.jpg 300w, https:\/\/taghicar.com\/wp-content\/uploads\/2025\/06\/Location-Voiture-Tanger-Centre-Ville-\u2013-Louez-Facilement-au-Coeur-de-Tanger-2-1024x576.jpg 1024w, https:\/\/taghicar.com\/wp-content\/uploads\/2025\/06\/Location-Voiture-Tanger-Centre-Ville-\u2013-Louez-Facilement-au-Coeur-de-Tanger-2-768x432.jpg 768w, https:\/\/taghicar.com\/wp-content\/uploads\/2025\/06\/Location-Voiture-Tanger-Centre-Ville-\u2013-Louez-Facilement-au-Coeur-de-Tanger-2-1536x864.jpg 1536w, https:\/\/taghicar.com\/wp-content\/uploads\/2025\/06\/Location-Voiture-Tanger-Centre-Ville-\u2013-Louez-Facilement-au-Coeur-de-Tanger-2-18x10.jpg 18w, https:\/\/taghicar.com\/wp-content\/uploads\/2025\/06\/Location-Voiture-Tanger-Centre-Ville-\u2013-Louez-Facilement-au-Coeur-de-Tanger-2-700x394.jpg 700w\" sizes=\"(max-width: 1599px) 100vw, 1599px\" \/><\/div><\/a>\n\t\t\t\t<div class=\"elementor-post__text\">\n\t\t\t\t<h3 class=\"elementor-post__title\">\n\t\t\t<a href=\"https:\/\/taghicar.com\/en\/2026\/03\/11\/rent-a-car-in-tangier-city-for-eid-al-fitr-2026\/\" >\n\t\t\t\tRent a Car in Tangier City for Eid al-Fitr 2026\t\t\t<\/a>\n\t\t<\/h3>\n\t\t\t\t<div class=\"elementor-post__excerpt\">\n\t\t\t<p>Why Tangier Becomes a Popular Destination During Eid Cultural Celebrations and Family Travel Every year, Eid al-Fitr transforms cities across Morocco into vibrant hubs of celebration, family gatherings, and joyful<\/p>\n\t\t<\/div>\n\t\t\n\t\t<a class=\"elementor-post__read-more\" href=\"https:\/\/taghicar.com\/en\/2026\/03\/11\/rent-a-car-in-tangier-city-for-eid-al-fitr-2026\/\" aria-label=\"Read more about Rent a Car in Tangier City for Eid al-Fitr 2026\" tabindex=\"-1\" >\n\t\t\tLearn more \u00bb\t\t<\/a>\n\n\t\t\t\t<\/div>\n\t\t\t\t<div class=\"elementor-post__meta-data\">\n\t\t\t\t\t<span class=\"elementor-post-date\">\n\t\t\tMarch 11, 2026\t\t<\/span>\n\t\t\t\t<span class=\"elementor-post-avatar\">\n\t\t\tNo Comments\t\t<\/span>\n\t\t\t\t<\/div>\n\t\t\t\t\t<\/div>\n\t\t<\/article>\n\t\t\t\t<article class=\"elementor-post elementor-grid-item post-8927 post type-post status-publish format-standard has-post-thumbnail hentry category-rental tag-long-term-car-rental\">\n\t\t\t<div class=\"elementor-post__card\">\n\t\t\t\t<a class=\"elementor-post__thumbnail__link\" href=\"https:\/\/taghicar.com\/en\/2026\/03\/01\/long-term-car-rental\/\" tabindex=\"-1\" ><div class=\"elementor-post__thumbnail\"><img loading=\"lazy\" decoding=\"async\" width=\"1024\" height=\"576\" src=\"https:\/\/taghicar.com\/wp-content\/uploads\/2025\/09\/WhatsApp-Image-2025-04-24-at-19.31.15-1-copie-1024x576-1.jpg\" class=\"attachment-full size-full wp-image-8450\" alt=\"Long-Term Car Rental\" srcset=\"https:\/\/taghicar.com\/wp-content\/uploads\/2025\/09\/WhatsApp-Image-2025-04-24-at-19.31.15-1-copie-1024x576-1.jpg 1024w, https:\/\/taghicar.com\/wp-content\/uploads\/2025\/09\/WhatsApp-Image-2025-04-24-at-19.31.15-1-copie-1024x576-1-300x169.jpg 300w, https:\/\/taghicar.com\/wp-content\/uploads\/2025\/09\/WhatsApp-Image-2025-04-24-at-19.31.15-1-copie-1024x576-1-768x432.jpg 768w, https:\/\/taghicar.com\/wp-content\/uploads\/2025\/09\/WhatsApp-Image-2025-04-24-at-19.31.15-1-copie-1024x576-1-18x10.jpg 18w, https:\/\/taghicar.com\/wp-content\/uploads\/2025\/09\/WhatsApp-Image-2025-04-24-at-19.31.15-1-copie-1024x576-1-700x394.jpg 700w\" sizes=\"(max-width: 1024px) 100vw, 1024px\" \/><\/div><\/a>\n\t\t\t\t<div class=\"elementor-post__text\">\n\t\t\t\t<h3 class=\"elementor-post__title\">\n\t\t\t<a href=\"https:\/\/taghicar.com\/en\/2026\/03\/01\/long-term-car-rental\/\" >\n\t\t\t\tLong-Term Car Rental \u2013 Everything You Need to Know\t\t\t<\/a>\n\t\t<\/h3>\n\t\t\t\t<div class=\"elementor-post__excerpt\">\n\t\t\t<p>What Is Long-Term Car Rental? Imagine having a car whenever you need it\u2014without the stress of ownership. That&rsquo;s the magic of long-term car rental . It&rsquo;s a service where you<\/p>\n\t\t<\/div>\n\t\t\n\t\t<a class=\"elementor-post__read-more\" href=\"https:\/\/taghicar.com\/en\/2026\/03\/01\/long-term-car-rental\/\" aria-label=\"Read more about Long-Term Car Rental \u2013 Everything You Need to Know\" tabindex=\"-1\" >\n\t\t\tLearn more \u00bb\t\t<\/a>\n\n\t\t\t\t<\/div>\n\t\t\t\t<div class=\"elementor-post__meta-data\">\n\t\t\t\t\t<span class=\"elementor-post-date\">\n\t\t\tMarch 1, 2026\t\t<\/span>\n\t\t\t\t<span class=\"elementor-post-avatar\">\n\t\t\tNo Comments\t\t<\/span>\n\t\t\t\t<\/div>\n\t\t\t\t\t<\/div>\n\t\t<\/article>\n\t\t\t\t<article class=\"elementor-post elementor-grid-item post-8841 post type-post status-publish format-standard has-post-thumbnail hentry category-rental tag-car-hire-tangier-airport\">\n\t\t\t<div class=\"elementor-post__card\">\n\t\t\t\t<a class=\"elementor-post__thumbnail__link\" href=\"https:\/\/taghicar.com\/en\/2026\/02\/10\/car-hire-tangier-airport\/\" tabindex=\"-1\" ><div class=\"elementor-post__thumbnail\"><img loading=\"lazy\" decoding=\"async\" width=\"1599\" height=\"899\" src=\"https:\/\/taghicar.com\/wp-content\/uploads\/2025\/07\/WhatsApp-Image-2025-04-24-at-19.31.15-2-copie.jpg\" class=\"attachment-full size-full wp-image-8143\" alt=\"Car hire Tangier Airport\" srcset=\"https:\/\/taghicar.com\/wp-content\/uploads\/2025\/07\/WhatsApp-Image-2025-04-24-at-19.31.15-2-copie.jpg 1599w, https:\/\/taghicar.com\/wp-content\/uploads\/2025\/07\/WhatsApp-Image-2025-04-24-at-19.31.15-2-copie-300x169.jpg 300w, https:\/\/taghicar.com\/wp-content\/uploads\/2025\/07\/WhatsApp-Image-2025-04-24-at-19.31.15-2-copie-1024x576.jpg 1024w, https:\/\/taghicar.com\/wp-content\/uploads\/2025\/07\/WhatsApp-Image-2025-04-24-at-19.31.15-2-copie-768x432.jpg 768w, https:\/\/taghicar.com\/wp-content\/uploads\/2025\/07\/WhatsApp-Image-2025-04-24-at-19.31.15-2-copie-1536x864.jpg 1536w, https:\/\/taghicar.com\/wp-content\/uploads\/2025\/07\/WhatsApp-Image-2025-04-24-at-19.31.15-2-copie-18x10.jpg 18w, https:\/\/taghicar.com\/wp-content\/uploads\/2025\/07\/WhatsApp-Image-2025-04-24-at-19.31.15-2-copie-700x394.jpg 700w\" sizes=\"(max-width: 1599px) 100vw, 1599px\" \/><\/div><\/a>\n\t\t\t\t<div class=\"elementor-post__text\">\n\t\t\t\t<h3 class=\"elementor-post__title\">\n\t\t\t<a href=\"https:\/\/taghicar.com\/en\/2026\/02\/10\/car-hire-tangier-airport\/\" >\n\t\t\t\tCar Hire Tangier Airport 7 Smart Wins You Can\u2019t Miss\t\t\t<\/a>\n\t\t<\/h3>\n\t\t\t\t<div class=\"elementor-post__excerpt\">\n\t\t\t<p>Car hire Tangier Airport is the easiest way to start your journey in northern Morocco with confidence, comfort, and control. However, if it\u2019s your first time arriving at Ibn Battouta<\/p>\n\t\t<\/div>\n\t\t\n\t\t<a class=\"elementor-post__read-more\" href=\"https:\/\/taghicar.com\/en\/2026\/02\/10\/car-hire-tangier-airport\/\" aria-label=\"Read more about Car Hire Tangier Airport 7 Smart Wins You Can\u2019t Miss\" tabindex=\"-1\" >\n\t\t\tLearn more \u00bb\t\t<\/a>\n\n\t\t\t\t<\/div>\n\t\t\t\t<div class=\"elementor-post__meta-data\">\n\t\t\t\t\t<span class=\"elementor-post-date\">\n\t\t\tFebruary 10, 2026\t\t<\/span>\n\t\t\t\t<span class=\"elementor-post-avatar\">\n\t\t\tNo Comments\t\t<\/span>\n\t\t\t\t<\/div>\n\t\t\t\t\t<\/div>\n\t\t<\/article>\n\t\t\t\t<article class=\"elementor-post elementor-grid-item post-8829 post type-post status-publish format-standard has-post-thumbnail hentry category-rental tag-location-de-voiture-a-laeroport-ibn-batouta-de-tanger\">\n\t\t\t<div class=\"elementor-post__card\">\n\t\t\t\t<a class=\"elementor-post__thumbnail__link\" href=\"https:\/\/taghicar.com\/en\/2026\/02\/07\/location-de-voiture-a-laeroport-ibn-batouta-de-tanger\/\" tabindex=\"-1\" ><div class=\"elementor-post__thumbnail\"><img loading=\"lazy\" decoding=\"async\" width=\"1599\" height=\"899\" src=\"https:\/\/taghicar.com\/wp-content\/uploads\/2025\/09\/WhatsApp-Image-2025-04-24-at-19.31.18-3-copie.jpg\" class=\"attachment-full size-full wp-image-8410\" alt=\"Trouvez la meilleure Location de voiture \u00e0 l&#039;a\u00e9roport Ibn Batouta de Tanger. Guide complet pour un voyage serein et \u00e9conomi\" srcset=\"https:\/\/taghicar.com\/wp-content\/uploads\/2025\/09\/WhatsApp-Image-2025-04-24-at-19.31.18-3-copie.jpg 1599w, https:\/\/taghicar.com\/wp-content\/uploads\/2025\/09\/WhatsApp-Image-2025-04-24-at-19.31.18-3-copie-300x169.jpg 300w, https:\/\/taghicar.com\/wp-content\/uploads\/2025\/09\/WhatsApp-Image-2025-04-24-at-19.31.18-3-copie-1024x576.jpg 1024w, https:\/\/taghicar.com\/wp-content\/uploads\/2025\/09\/WhatsApp-Image-2025-04-24-at-19.31.18-3-copie-768x432.jpg 768w, https:\/\/taghicar.com\/wp-content\/uploads\/2025\/09\/WhatsApp-Image-2025-04-24-at-19.31.18-3-copie-1536x864.jpg 1536w, https:\/\/taghicar.com\/wp-content\/uploads\/2025\/09\/WhatsApp-Image-2025-04-24-at-19.31.18-3-copie-18x10.jpg 18w, https:\/\/taghicar.com\/wp-content\/uploads\/2025\/09\/WhatsApp-Image-2025-04-24-at-19.31.18-3-copie-700x394.jpg 700w\" sizes=\"(max-width: 1599px) 100vw, 1599px\" \/><\/div><\/a>\n\t\t\t\t<div class=\"elementor-post__text\">\n\t\t\t\t<h3 class=\"elementor-post__title\">\n\t\t\t<a href=\"https:\/\/taghicar.com\/en\/2026\/02\/07\/location-de-voiture-a-laeroport-ibn-batouta-de-tanger\/\" >\n\t\t\t\tLocation de voiture \u00e0 l&rsquo;a\u00e9roport Ibn Batouta de Tanger : 7 Astuces\t\t\t<\/a>\n\t\t<\/h3>\n\t\t\t\t<div class=\"elementor-post__excerpt\">\n\t\t\t<p>Location de voiture \u00e0 l&rsquo;a\u00e9roport Ibn Batouta de Tanger : 7 Astuces Location de voiture \u00e0 l&rsquo;a\u00e9roport Ibn Batouta de Tanger est la premi\u00e8re \u00e9tape cruciale pour transformer votre s\u00e9jour<\/p>\n\t\t<\/div>\n\t\t\n\t\t<a class=\"elementor-post__read-more\" href=\"https:\/\/taghicar.com\/en\/2026\/02\/07\/location-de-voiture-a-laeroport-ibn-batouta-de-tanger\/\" aria-label=\"Read more about Location de voiture \u00e0 l&rsquo;a\u00e9roport Ibn Batouta de Tanger : 7 Astuces\" tabindex=\"-1\" >\n\t\t\tLearn more \u00bb\t\t<\/a>\n\n\t\t\t\t<\/div>\n\t\t\t\t<div class=\"elementor-post__meta-data\">\n\t\t\t\t\t<span class=\"elementor-post-date\">\n\t\t\tFebruary 7, 2026\t\t<\/span>\n\t\t\t\t<span class=\"elementor-post-avatar\">\n\t\t\tNo Comments\t\t<\/span>\n\t\t\t\t<\/div>\n\t\t\t\t\t<\/div>\n\t\t<\/article>\n\t\t\t\t<\/div>\n\t\t\n\t\t\t\t\t\t<\/div>\n\t\t\t\t<\/div>\n\t\t\t\t\t<\/div>\n\t\t\t\t<\/div>\n\t\t\t\t<\/div>","protected":false},"excerpt":{"rendered":"","protected":false},"author":2,"featured_media":0,"parent":0,"menu_order":0,"comment_status":"closed","ping_status":"closed","template":"","meta":{"footnotes":""},"class_list":["post-7627","page","type-page","status-publish","hentry"],"yoast_head":"<!-- This site is optimized with the Yoast SEO Premium plugin v24.5 (Yoast SEO v27.5) - https:\/\/yoast.com\/product\/yoast-seo-premium-wordpress\/ -->\n<title>Explorer avec Taghicar - TAGHI-CAR<\/title>\n<meta name=\"robots\" content=\"index, follow, max-snippet:-1, max-image-preview:large, max-video-preview:-1\" \/>\n<link rel=\"canonical\" href=\"https:\/\/taghicar.com\/en\/explorer-avec-taghicar\/\" \/>\n<meta property=\"og:locale\" content=\"en_US\" \/>\n<meta property=\"og:type\" content=\"article\" \/>\n<meta property=\"og:title\" content=\"Explorer avec Taghicar\" \/>\n<meta property=\"og:url\" content=\"https:\/\/taghicar.com\/en\/explorer-avec-taghicar\/\" \/>\n<meta property=\"og:site_name\" content=\"TAGHI-CAR\" \/>\n<meta property=\"article:modified_time\" content=\"2025-02-25T15:13:51+00:00\" \/>\n<meta name=\"twitter:card\" content=\"summary_large_image\" \/>\n<script type=\"application\/ld+json\" class=\"yoast-schema-graph\">{\"@context\":\"https:\\\/\\\/schema.org\",\"@graph\":[{\"@type\":\"WebPage\",\"@id\":\"https:\\\/\\\/taghicar.com\\\/explorer-avec-taghicar\\\/\",\"url\":\"https:\\\/\\\/taghicar.com\\\/explorer-avec-taghicar\\\/\",\"name\":\"Explorer avec Taghicar - TAGHI-CAR\",\"isPartOf\":{\"@id\":\"https:\\\/\\\/taghicar.com\\\/#website\"},\"datePublished\":\"2025-02-25T14:29:42+00:00\",\"dateModified\":\"2025-02-25T15:13:51+00:00\",\"breadcrumb\":{\"@id\":\"https:\\\/\\\/taghicar.com\\\/explorer-avec-taghicar\\\/#breadcrumb\"},\"inLanguage\":\"en-US\",\"potentialAction\":[{\"@type\":\"ReadAction\",\"target\":[\"https:\\\/\\\/taghicar.com\\\/explorer-avec-taghicar\\\/\"]}]},{\"@type\":\"BreadcrumbList\",\"@id\":\"https:\\\/\\\/taghicar.com\\\/explorer-avec-taghicar\\\/#breadcrumb\",\"itemListElement\":[{\"@type\":\"ListItem\",\"position\":1,\"name\":\"Accueil\",\"item\":\"https:\\\/\\\/taghicar.com\\\/\"},{\"@type\":\"ListItem\",\"position\":2,\"name\":\"Explorer avec Taghicar\"}]},{\"@type\":\"WebSite\",\"@id\":\"https:\\\/\\\/taghicar.com\\\/#website\",\"url\":\"https:\\\/\\\/taghicar.com\\\/\",\"name\":\"TAGHI-CAR\",\"description\":\"\",\"potentialAction\":[{\"@type\":\"SearchAction\",\"target\":{\"@type\":\"EntryPoint\",\"urlTemplate\":\"https:\\\/\\\/taghicar.com\\\/?s={search_term_string}\"},\"query-input\":{\"@type\":\"PropertyValueSpecification\",\"valueRequired\":true,\"valueName\":\"search_term_string\"}}],\"inLanguage\":\"en-US\"},{\"@type\":\"ImageObject\",\"inLanguage\":\"en-US\",\"@id\":\"https:\\\/\\\/taghicar.com\\\/explorer-avec-taghicar\\\/#local-main-organization-logo\",\"url\":\"\",\"contentUrl\":\"\",\"caption\":\"TAGHI-CAR\"}]}<\/script>\n<!-- \/ Yoast SEO Premium plugin. -->","yoast_head_json":{"title":"Explorer avec Taghicar - TAGHI-CAR","robots":{"index":"index","follow":"follow","max-snippet":"max-snippet:-1","max-image-preview":"max-image-preview:large","max-video-preview":"max-video-preview:-1"},"canonical":"https:\/\/taghicar.com\/en\/explorer-avec-taghicar\/","og_locale":"en_US","og_type":"article","og_title":"Explorer avec Taghicar","og_url":"https:\/\/taghicar.com\/en\/explorer-avec-taghicar\/","og_site_name":"TAGHI-CAR","article_modified_time":"2025-02-25T15:13:51+00:00","twitter_card":"summary_large_image","schema":{"@context":"https:\/\/schema.org","@graph":[{"@type":"WebPage","@id":"https:\/\/taghicar.com\/explorer-avec-taghicar\/","url":"https:\/\/taghicar.com\/explorer-avec-taghicar\/","name":"Explorer avec Taghicar - TAGHI-CAR","isPartOf":{"@id":"https:\/\/taghicar.com\/#website"},"datePublished":"2025-02-25T14:29:42+00:00","dateModified":"2025-02-25T15:13:51+00:00","breadcrumb":{"@id":"https:\/\/taghicar.com\/explorer-avec-taghicar\/#breadcrumb"},"inLanguage":"en-US","potentialAction":[{"@type":"ReadAction","target":["https:\/\/taghicar.com\/explorer-avec-taghicar\/"]}]},{"@type":"BreadcrumbList","@id":"https:\/\/taghicar.com\/explorer-avec-taghicar\/#breadcrumb","itemListElement":[{"@type":"ListItem","position":1,"name":"Accueil","item":"https:\/\/taghicar.com\/"},{"@type":"ListItem","position":2,"name":"Explorer avec Taghicar"}]},{"@type":"WebSite","@id":"https:\/\/taghicar.com\/#website","url":"https:\/\/taghicar.com\/","name":"TAGHI-CAR","description":"","potentialAction":[{"@type":"SearchAction","target":{"@type":"EntryPoint","urlTemplate":"https:\/\/taghicar.com\/?s={search_term_string}"},"query-input":{"@type":"PropertyValueSpecification","valueRequired":true,"valueName":"search_term_string"}}],"inLanguage":"en-US"},{"@type":"ImageObject","inLanguage":"en-US","@id":"https:\/\/taghicar.com\/explorer-avec-taghicar\/#local-main-organization-logo","url":"","contentUrl":"","caption":"TAGHI-CAR"}]}},"_links":{"self":[{"href":"https:\/\/taghicar.com\/en\/wp-json\/wp\/v2\/pages\/7627","targetHints":{"allow":["GET"]}}],"collection":[{"href":"https:\/\/taghicar.com\/en\/wp-json\/wp\/v2\/pages"}],"about":[{"href":"https:\/\/taghicar.com\/en\/wp-json\/wp\/v2\/types\/page"}],"author":[{"embeddable":true,"href":"https:\/\/taghicar.com\/en\/wp-json\/wp\/v2\/users\/2"}],"replies":[{"embeddable":true,"href":"https:\/\/taghicar.com\/en\/wp-json\/wp\/v2\/comments?post=7627"}],"version-history":[{"count":19,"href":"https:\/\/taghicar.com\/en\/wp-json\/wp\/v2\/pages\/7627\/revisions"}],"predecessor-version":[{"id":7661,"href":"https:\/\/taghicar.com\/en\/wp-json\/wp\/v2\/pages\/7627\/revisions\/7661"}],"wp:attachment":[{"href":"https:\/\/taghicar.com\/en\/wp-json\/wp\/v2\/media?parent=7627"}],"curies":[{"name":"wp","href":"https:\/\/api.w.org\/{rel}","templated":true}]}}