{"id":53,"date":"2023-10-17T08:56:54","date_gmt":"2023-10-17T08:56:54","guid":{"rendered":"https:\/\/taghicar.com\/?page_id=53"},"modified":"2025-02-05T14:01:39","modified_gmt":"2025-02-05T14:01:39","slug":"qui-sommes-nous","status":"publish","type":"page","link":"https:\/\/taghicar.com\/nl\/qui-sommes-nous\/","title":{"rendered":"Wie zijn wij?"},"content":{"rendered":"<div data-elementor-type=\"wp-page\" data-elementor-id=\"53\" class=\"elementor elementor-53\" data-elementor-post-type=\"page\">\n\t\t\t\t<div class=\"elementor-element elementor-element-48ef07f e-con-full e-flex e-con e-parent\" data-id=\"48ef07f\" data-element_type=\"container\" data-e-type=\"container\" data-settings=\"{&quot;background_background&quot;:&quot;classic&quot;}\">\n\t\t\t\t<div class=\"elementor-element elementor-element-fa90da2 elementor-widget elementor-widget-heading\" data-id=\"fa90da2\" data-element_type=\"widget\" data-e-type=\"widget\" data-widget_type=\"heading.default\">\n\t\t\t\t<div class=\"elementor-widget-container\">\n\t\t\t\t\t<h1 class=\"elementor-heading-title elementor-size-default\">Wie zijn wij?<\/h1>\t\t\t\t<\/div>\n\t\t\t\t<\/div>\n\t\t\t\t<\/div>\n\t\t<div class=\"elementor-element elementor-element-338f2a4 e-flex e-con-boxed e-con e-parent\" data-id=\"338f2a4\" data-element_type=\"container\" data-e-type=\"container\" data-settings=\"{&quot;background_background&quot;:&quot;classic&quot;}\">\n\t\t\t\t\t<div class=\"e-con-inner\">\n\t\t<div class=\"elementor-element elementor-element-0bdb1f8 e-con-full e-flex e-con e-child\" data-id=\"0bdb1f8\" data-element_type=\"container\" data-e-type=\"container\" data-settings=\"{&quot;background_background&quot;:&quot;classic&quot;}\">\n\t\t\t\t<div class=\"elementor-element elementor-element-ca713cb elementor-widget elementor-widget-image\" data-id=\"ca713cb\" data-element_type=\"widget\" data-e-type=\"widget\" data-widget_type=\"image.default\">\n\t\t\t\t<div class=\"elementor-widget-container\">\n\t\t\t\t\t\t\t\t\t\t\t\t\t\t\t<img fetchpriority=\"high\" decoding=\"async\" width=\"780\" height=\"468\" src=\"https:\/\/taghicar.com\/wp-content\/uploads\/2025\/02\/09bc9040-b964-4b8f-8a57-47454b6ad633.jpg\" class=\"attachment-large size-large wp-image-7480\" alt=\"\" srcset=\"https:\/\/taghicar.com\/wp-content\/uploads\/2025\/02\/09bc9040-b964-4b8f-8a57-47454b6ad633.jpg 780w, https:\/\/taghicar.com\/wp-content\/uploads\/2025\/02\/09bc9040-b964-4b8f-8a57-47454b6ad633-300x180.jpg 300w, https:\/\/taghicar.com\/wp-content\/uploads\/2025\/02\/09bc9040-b964-4b8f-8a57-47454b6ad633-768x461.jpg 768w, https:\/\/taghicar.com\/wp-content\/uploads\/2025\/02\/09bc9040-b964-4b8f-8a57-47454b6ad633-18x12.jpg 18w, https:\/\/taghicar.com\/wp-content\/uploads\/2025\/02\/09bc9040-b964-4b8f-8a57-47454b6ad633-700x420.jpg 700w\" sizes=\"(max-width: 780px) 100vw, 780px\" \/>\t\t\t\t\t\t\t\t\t\t\t\t\t\t\t<\/div>\n\t\t\t\t<\/div>\n\t\t\t\t<div class=\"elementor-element elementor-element-dd25409 elementor-absolute elementor-widget-mobile__width-initial elementor-widget elementor-widget-image\" data-id=\"dd25409\" data-element_type=\"widget\" data-e-type=\"widget\" data-settings=\"{&quot;_position&quot;:&quot;absolute&quot;}\" data-widget_type=\"image.default\">\n\t\t\t\t<div class=\"elementor-widget-container\">\n\t\t\t\t\t\t\t\t\t\t\t\t\t\t\t<img decoding=\"async\" width=\"800\" height=\"600\" src=\"https:\/\/taghicar.com\/wp-content\/uploads\/2025\/02\/9a0c2dba-ecca-4b9f-aae4-8f0edf229f96.jpg\" class=\"attachment-large size-large wp-image-7479\" alt=\"\" srcset=\"https:\/\/taghicar.com\/wp-content\/uploads\/2025\/02\/9a0c2dba-ecca-4b9f-aae4-8f0edf229f96.jpg 1024w, https:\/\/taghicar.com\/wp-content\/uploads\/2025\/02\/9a0c2dba-ecca-4b9f-aae4-8f0edf229f96-300x225.jpg 300w, https:\/\/taghicar.com\/wp-content\/uploads\/2025\/02\/9a0c2dba-ecca-4b9f-aae4-8f0edf229f96-768x576.jpg 768w, https:\/\/taghicar.com\/wp-content\/uploads\/2025\/02\/9a0c2dba-ecca-4b9f-aae4-8f0edf229f96-16x12.jpg 16w, https:\/\/taghicar.com\/wp-content\/uploads\/2025\/02\/9a0c2dba-ecca-4b9f-aae4-8f0edf229f96-700x525.jpg 700w\" sizes=\"(max-width: 800px) 100vw, 800px\" \/>\t\t\t\t\t\t\t\t\t\t\t\t\t\t\t<\/div>\n\t\t\t\t<\/div>\n\t\t\t\t<\/div>\n\t\t<div class=\"elementor-element elementor-element-0a6bdc6 e-con-full e-flex e-con e-child\" data-id=\"0a6bdc6\" data-element_type=\"container\" data-e-type=\"container\">\n\t\t\t\t<div class=\"elementor-element elementor-element-d9724b5 elementor-widget elementor-widget-remons_elementor_heading\" data-id=\"d9724b5\" data-element_type=\"widget\" data-e-type=\"widget\" data-widget_type=\"remons_elementor_heading.default\">\n\t\t\t\t<div class=\"elementor-widget-container\">\n\t\t\t\t\t\n\t\t<div class=\"ova-heading\">\n            \n            <div class=\"top-heading\">\n\n            \t\t\t\t\t\t<div class=\"sub-title-wrapper top\">\n\t\t\t\t\t\t\t\t\t\t\t\t\t\t\t\t\t\t\t<img decoding=\"async\" class=\"sub_pre\" src=\"https:\/\/taghicar.com\/wp-content\/uploads\/2023\/11\/remons-icon-heading.png\" alt=\"Apprenez \u00e0 conna\u00eetre TAGHI CAR \u2013 Votre solution de Location Voitures Tanger\">\n\t\t\t\t\t\t\t\t\t\t\t\t\t\t\t\t\t\t\t<p class=\"sub-title\"> Over het bedrijf<\/p>\n\t\t\t\t\t\t\t\t\t\t\t<\/div>\n\t\t\t\t\n\t\t\t\t\n\t\t\t\t\t<div class=\"title-wrapper\" style=\"position: relative;\">\n\t\t\t\t\t\t\n\t\t\t\t\t\t\t<h2 class=\"title\">Maak kennis met TAGHI CAR \u2013 Uw autoverhuuroplossing in Tanger<\/h2>\n\n\t\t\t\t\t\t\n\t\t\t\t\t\t\t\t\t\t\t<\/div>\n\n\t\t\t\t\n            <\/div>\n\n\t\t\t\n\t\t<\/div>\n\t\t \t\n\t\t\t\t\t\t<\/div>\n\t\t\t\t<\/div>\n\t\t\t\t<div class=\"elementor-element elementor-element-91ba0a3 elementor-widget elementor-widget-icon-box\" data-id=\"91ba0a3\" data-element_type=\"widget\" data-e-type=\"widget\" data-widget_type=\"icon-box.default\">\n\t\t\t\t<div class=\"elementor-widget-container\">\n\t\t\t\t\t\t\t<div class=\"elementor-icon-box-wrapper\">\n\n\t\t\t\n\t\t\t\t\t\t<div class=\"elementor-icon-box-content\">\n\n\t\t\t\t\n\t\t\t\t\t\t\t\t\t<p class=\"elementor-icon-box-description\">\n\t\t\t\t\t\tTAGHI CAR is een autoverhuurbedrijf in Tanger, Marokko. Wij bieden een ruime keuze aan voertuigen voor al uw behoeften, of het nu gaat om een \u200b\u200bzakenreis, een gezinsuitje of een dagje in de stad.\n\t\t\t\t\t<\/p>\n\t\t\t\t\n\t\t\t<\/div>\n\t\t\t\n\t\t<\/div>\n\t\t\t\t\t\t<\/div>\n\t\t\t\t<\/div>\n\t\t\t\t<div class=\"elementor-element elementor-element-708bf1e elementor-icon-list--layout-traditional elementor-list-item-link-full_width elementor-widget elementor-widget-icon-list\" data-id=\"708bf1e\" data-element_type=\"widget\" data-e-type=\"widget\" data-widget_type=\"icon-list.default\">\n\t\t\t\t<div class=\"elementor-widget-container\">\n\t\t\t\t\t\t\t<ul class=\"elementor-icon-list-items\">\n\t\t\t\t\t\t\t<li class=\"elementor-icon-list-item\">\n\t\t\t\t\t\t\t\t\t\t\t<span class=\"elementor-icon-list-icon\">\n\t\t\t\t\t\t\t<svg aria-hidden=\"true\" class=\"e-font-icon-svg e-fas-long-arrow-alt-right\" viewbox=\"0 0 448 512\" xmlns=\"http:\/\/www.w3.org\/2000\/svg\"><path d=\"M313.941 216H12c-6.627 0-12 5.373-12 12v56c0 6.627 5.373 12 12 12h301.941v46.059c0 21.382 25.851 32.09 40.971 16.971l86.059-86.059c9.373-9.373 9.373-24.569 0-33.941l-86.059-86.059c-15.119-15.119-40.971-4.411-40.971 16.971V216z\"><\/path><\/svg>\t\t\t\t\t\t<\/span>\n\t\t\t\t\t\t\t\t\t\t<span class=\"elementor-icon-list-text\">Verhuur van auto's en bestelwagens<\/span>\n\t\t\t\t\t\t\t\t\t<\/li>\n\t\t\t\t\t\t\t\t<li class=\"elementor-icon-list-item\">\n\t\t\t\t\t\t\t\t\t\t\t<span class=\"elementor-icon-list-icon\">\n\t\t\t\t\t\t\t<svg aria-hidden=\"true\" class=\"e-font-icon-svg e-fas-long-arrow-alt-right\" viewbox=\"0 0 448 512\" xmlns=\"http:\/\/www.w3.org\/2000\/svg\"><path d=\"M313.941 216H12c-6.627 0-12 5.373-12 12v56c0 6.627 5.373 12 12 12h301.941v46.059c0 21.382 25.851 32.09 40.971 16.971l86.059-86.059c9.373-9.373 9.373-24.569 0-33.941l-86.059-86.059c-15.119-15.119-40.971-4.411-40.971 16.971V216z\"><\/path><\/svg>\t\t\t\t\t\t<\/span>\n\t\t\t\t\t\t\t\t\t\t<span class=\"elementor-icon-list-text\">Korte en lange termijn verhuur<\/span>\n\t\t\t\t\t\t\t\t\t<\/li>\n\t\t\t\t\t\t\t\t<li class=\"elementor-icon-list-item\">\n\t\t\t\t\t\t\t\t\t\t\t<span class=\"elementor-icon-list-icon\">\n\t\t\t\t\t\t\t<svg aria-hidden=\"true\" class=\"e-font-icon-svg e-fas-long-arrow-alt-right\" viewbox=\"0 0 448 512\" xmlns=\"http:\/\/www.w3.org\/2000\/svg\"><path d=\"M313.941 216H12c-6.627 0-12 5.373-12 12v56c0 6.627 5.373 12 12 12h301.941v46.059c0 21.382 25.851 32.09 40.971 16.971l86.059-86.059c9.373-9.373 9.373-24.569 0-33.941l-86.059-86.059c-15.119-15.119-40.971-4.411-40.971 16.971V216z\"><\/path><\/svg>\t\t\t\t\t\t<\/span>\n\t\t\t\t\t\t\t\t\t\t<span class=\"elementor-icon-list-text\">Levering en ophaling van voertuigen, waar u ook bent<\/span>\n\t\t\t\t\t\t\t\t\t<\/li>\n\t\t\t\t\t\t\t\t<li class=\"elementor-icon-list-item\">\n\t\t\t\t\t\t\t\t\t\t\t<span class=\"elementor-icon-list-icon\">\n\t\t\t\t\t\t\t<svg aria-hidden=\"true\" class=\"e-font-icon-svg e-fas-long-arrow-alt-right\" viewbox=\"0 0 448 512\" xmlns=\"http:\/\/www.w3.org\/2000\/svg\"><path d=\"M313.941 216H12c-6.627 0-12 5.373-12 12v56c0 6.627 5.373 12 12 12h301.941v46.059c0 21.382 25.851 32.09 40.971 16.971l86.059-86.059c9.373-9.373 9.373-24.569 0-33.941l-86.059-86.059c-15.119-15.119-40.971-4.411-40.971 16.971V216z\"><\/path><\/svg>\t\t\t\t\t\t<\/span>\n\t\t\t\t\t\t\t\t\t\t<span class=\"elementor-icon-list-text\">24\/7 ondersteuning<\/span>\n\t\t\t\t\t\t\t\t\t<\/li>\n\t\t\t\t\t\t<\/ul>\n\t\t\t\t\t\t<\/div>\n\t\t\t\t<\/div>\n\t\t\t\t<\/div>\n\t\t\t\t\t<\/div>\n\t\t\t\t<\/div>\n\t\t<div class=\"elementor-element elementor-element-4980aec e-flex e-con-boxed e-con e-parent\" data-id=\"4980aec\" data-element_type=\"container\" data-e-type=\"container\">\n\t\t\t\t\t<div class=\"e-con-inner\">\n\t\t\t\t<div class=\"elementor-element elementor-element-17827ae elementor-invisible elementor-widget elementor-widget-remons_elementor_heading\" data-id=\"17827ae\" data-element_type=\"widget\" data-e-type=\"widget\" data-settings=\"{&quot;_animation&quot;:&quot;ova-move-down&quot;,&quot;_animation_tablet&quot;:&quot;none&quot;}\" data-widget_type=\"remons_elementor_heading.default\">\n\t\t\t\t<div class=\"elementor-widget-container\">\n\t\t\t\t\t\n\t\t<div class=\"ova-heading\">\n            \n            <div class=\"top-heading\">\n\n            \t\t\t\t\t\t<div class=\"sub-title-wrapper top\">\n\t\t\t\t\t\t\t\t\t\t\t\t\t\t\t\t\t\t\t<img decoding=\"async\" class=\"sub_pre\" src=\"https:\/\/taghicar.com\/wp-content\/uploads\/2023\/11\/remons-icon-heading.png\" alt=\"Pourquoi Choisir notre service de Location Voitures Tanger ?\">\n\t\t\t\t\t\t\t\t\t\t\t\t\t\t\t\t\t\t\t<p class=\"sub-title\">Onze voordelen<\/p>\n\t\t\t\t\t\t\t\t\t\t\t<\/div>\n\t\t\t\t\n\t\t\t\t\n\t\t\t\t\t<div class=\"title-wrapper\" style=\"position: relative;\">\n\t\t\t\t\t\t\n\t\t\t\t\t\t\t<h2 class=\"title\">Waarom zou u kiezen voor onze autoverhuurservice in Tanger?\n<\/h2>\n\n\t\t\t\t\t\t\n\t\t\t\t\t\t\t\t\t\t\t<\/div>\n\n\t\t\t\t\n            <\/div>\n\n\t\t\t\n\t\t<\/div>\n\t\t \t\n\t\t\t\t\t\t<\/div>\n\t\t\t\t<\/div>\n\t\t<div class=\"elementor-element elementor-element-dc87c30 e-flex e-con-boxed e-con e-child\" data-id=\"dc87c30\" data-element_type=\"container\" data-e-type=\"container\">\n\t\t\t\t\t<div class=\"e-con-inner\">\n\t\t<div class=\"elementor-element elementor-element-4ea0eb0 e-con-full e-flex e-con e-child\" data-id=\"4ea0eb0\" data-element_type=\"container\" data-e-type=\"container\">\n\t\t\t\t<div class=\"elementor-element elementor-element-d071708 elementor-invisible elementor-widget elementor-widget-remons_elementor_icon_box\" data-id=\"d071708\" data-element_type=\"widget\" data-e-type=\"widget\" data-settings=\"{&quot;_animation&quot;:&quot;ova-move-up&quot;,&quot;_animation_tablet&quot;:&quot;none&quot;,&quot;_animation_delay&quot;:100}\" data-widget_type=\"remons_elementor_icon_box.default\">\n\t\t\t\t<div class=\"elementor-widget-container\">\n\t\t\t\t\t\t\t\t<div class=\"ova-icon-box template1\"> \n\n\t\t\t\t\t\t\t\n\t\t\t\t<div class=\"iconbox\">\n\n\t\t\t\t\t\n\t\t\t\t\t\t\n\t\t\t\t\t<a href=\"#\" >\n\t\t\t\t\t\t\t\t\t\t\t\t\t\t\t\t\t\t<h3 class=\"title\">Moderne vloot<\/h3>\n\t\t                \t                \t\n\t\t\t\t\t\t<\/a>\n\t\t\t\t\t\n\t\t\t\t\t\n\t                \t\t\t\t\t\t<p class=\"description\">Kies uit een ruime keuze aan recente voertuigen, afgestemd op al uw behoeften.<\/p>\n\t\t\t\t\t\n\t\t\t\t\t<span class=\"icon\">\n\t\t\t\t\t\t<i aria-hidden=\"true\" class=\"flaticon flaticon-buy\"><\/i>\t\t\t\t\t<\/span>\n\t\t\t\n\t\t\t\t<\/div>\n\n\t\t\t\t\n\t\t\t\t\t\n\n\t\t\t\t\t\t\n\t\t\t\t\t<a class=\"wrap-button\" href=\"#\" >\n\t\t\t\t\t\t\t\t\t\t\t<div class=\"button-readmore\">\n\t\t\t\t\t\t\t<span class=\"text-button\"><\/span>\n\t\t\t\t\t\t\t<span class=\"icon-button\"><\/span> \n\t\t\t\t\t\t<\/div> \n\t\t\t\t\t\t\n\t\t\t\t\t<\/a>\n\t\t\t\t\t\t\t\t\n\t\t\t\t\n\t\t\t<\/div>\n\n\t\t\t\t\t\t<\/div>\n\t\t\t\t<\/div>\n\t\t\t\t<\/div>\n\t\t<div class=\"elementor-element elementor-element-f17328d e-con-full e-flex e-con e-child\" data-id=\"f17328d\" data-element_type=\"container\" data-e-type=\"container\">\n\t\t\t\t<div class=\"elementor-element elementor-element-cec279d elementor-invisible elementor-widget elementor-widget-remons_elementor_icon_box\" data-id=\"cec279d\" data-element_type=\"widget\" data-e-type=\"widget\" data-settings=\"{&quot;_animation&quot;:&quot;ova-move-up&quot;,&quot;_animation_tablet&quot;:&quot;none&quot;,&quot;_animation_delay&quot;:400}\" data-widget_type=\"remons_elementor_icon_box.default\">\n\t\t\t\t<div class=\"elementor-widget-container\">\n\t\t\t\t\t\t\t\t<div class=\"ova-icon-box template1\"> \n\n\t\t\t\t\t\t\t\n\t\t\t\t<div class=\"iconbox\">\n\n\t\t\t\t\t\n\t\t\t\t\t\t\n\t\t\t\t\t<a href=\"#\" >\n\t\t\t\t\t\t\t\t\t\t\t\t\t\t\t\t\t\t<h3 class=\"title\">Flexibele prijzen die aansluiten op uw behoeften<\/h3>\n\t\t                \t                \t\n\t\t\t\t\t\t<\/a>\n\t\t\t\t\t\n\t\t\t\t\t\n\t                \t\t\t\t\t\t<p class=\"description\">Variabele tarieven zodat de verhuur perfect aansluit bij uw verwachtingen en budget.<\/p>\n\t\t\t\t\t\n\t\t\t\t\t<span class=\"icon\">\n\t\t\t\t\t\t<i aria-hidden=\"true\" class=\"flaticon flaticon-focus\"><\/i>\t\t\t\t\t<\/span>\n\t\t\t\n\t\t\t\t<\/div>\n\n\t\t\t\t\n\t\t\t\t\t\n\n\t\t\t\t\t\t\n\t\t\t\t\t<a class=\"wrap-button\" href=\"#\" >\n\t\t\t\t\t\t\t\t\t\t\t<div class=\"button-readmore\">\n\t\t\t\t\t\t\t<span class=\"text-button\"><\/span>\n\t\t\t\t\t\t\t<span class=\"icon-button\"><\/span> \n\t\t\t\t\t\t<\/div> \n\t\t\t\t\t\t\n\t\t\t\t\t<\/a>\n\t\t\t\t\t\t\t\t\n\t\t\t\t\n\t\t\t<\/div>\n\n\t\t\t\t\t\t<\/div>\n\t\t\t\t<\/div>\n\t\t\t\t<\/div>\n\t\t<div class=\"elementor-element elementor-element-374c361 e-con-full e-flex e-con e-child\" data-id=\"374c361\" data-element_type=\"container\" data-e-type=\"container\">\n\t\t\t\t<div class=\"elementor-element elementor-element-6d56fd2 elementor-invisible elementor-widget elementor-widget-remons_elementor_icon_box\" data-id=\"6d56fd2\" data-element_type=\"widget\" data-e-type=\"widget\" data-settings=\"{&quot;_animation&quot;:&quot;ova-move-up&quot;,&quot;_animation_tablet&quot;:&quot;none&quot;,&quot;_animation_delay&quot;:700}\" data-widget_type=\"remons_elementor_icon_box.default\">\n\t\t\t\t<div class=\"elementor-widget-container\">\n\t\t\t\t\t\t\t\t<div class=\"ova-icon-box template1\"> \n\n\t\t\t\t\t\t\t\n\t\t\t\t<div class=\"iconbox\">\n\n\t\t\t\t\t\n\t\t\t\t\t\t\n\t\t\t\t\t<a href=\"#\" >\n\t\t\t\t\t\t\t\t\t\t\t\t\t\t\t\t\t\t<h3 class=\"title\">24\/7 ondersteuning<\/h3>\n\t\t                \t                \t\n\t\t\t\t\t\t<\/a>\n\t\t\t\t\t\n\t\t\t\t\t\n\t                \t\t\t\t\t\t<p class=\"description\">Een team dat altijd voor u klaarstaat, waar u ook bent.<\/p>\n\t\t\t\t\t\n\t\t\t\t\t<span class=\"icon\">\n\t\t\t\t\t\t<i aria-hidden=\"true\" class=\"flaticon flaticon-rating\"><\/i>\t\t\t\t\t<\/span>\n\t\t\t\n\t\t\t\t<\/div>\n\n\t\t\t\t\n\t\t\t\t\t\n\n\t\t\t\t\t\t\n\t\t\t\t\t<a class=\"wrap-button\" href=\"#\" >\n\t\t\t\t\t\t\t\t\t\t\t<div class=\"button-readmore\">\n\t\t\t\t\t\t\t<span class=\"text-button\"><\/span>\n\t\t\t\t\t\t\t<span class=\"icon-button\"><\/span> \n\t\t\t\t\t\t<\/div> \n\t\t\t\t\t\t\n\t\t\t\t\t<\/a>\n\t\t\t\t\t\t\t\t\n\t\t\t\t\n\t\t\t<\/div>\n\n\t\t\t\t\t\t<\/div>\n\t\t\t\t<\/div>\n\t\t\t\t<\/div>\n\t\t\t\t\t<\/div>\n\t\t\t\t<\/div>\n\t\t\t\t\t<\/div>\n\t\t\t\t<\/div>\n\t\t\t\t<\/div>","protected":false},"excerpt":{"rendered":"<p>Qui sommes-nous? \u00c0 propos de l&#039;entreprise Apprenez \u00e0 conna\u00eetre TAGHI CAR \u2013 Votre solution de Location Voitures Tanger TAGHI CAR est une agence de location voitures Tanger, au Maroc. Nous offrons un large choix de v\u00e9hicules pour tous vos besoins, que ce soit pour un voyage d\u2019affaires, une escapade en famille ou une simple journ\u00e9e [&hellip;]<\/p>\n","protected":false},"author":1,"featured_media":0,"parent":0,"menu_order":0,"comment_status":"closed","ping_status":"closed","template":"elementor_header_footer","meta":{"footnotes":""},"class_list":["post-53","page","type-page","status-publish","hentry"],"yoast_head":"<!-- This site is optimized with the Yoast SEO Premium plugin v24.5 (Yoast SEO v27.4) - https:\/\/yoast.com\/product\/yoast-seo-premium-wordpress\/ -->\n<title>Qui sommes-nous? - TAGHI-CAR<\/title>\n<meta name=\"robots\" content=\"index, follow, max-snippet:-1, max-image-preview:large, max-video-preview:-1\" \/>\n<link rel=\"canonical\" href=\"https:\/\/taghicar.com\/nl\/qui-sommes-nous\/\" \/>\n<meta property=\"og:locale\" content=\"nl_NL\" \/>\n<meta property=\"og:type\" content=\"article\" \/>\n<meta property=\"og:title\" content=\"Qui sommes-nous?\" \/>\n<meta property=\"og:description\" content=\"Qui sommes-nous? \u00c0 propos de l&#039;entreprise Apprenez \u00e0 conna\u00eetre TAGHI CAR \u2013 Votre solution de Location Voitures Tanger TAGHI CAR est une agence de location voitures Tanger, au Maroc. Nous offrons un large choix de v\u00e9hicules pour tous vos besoins, que ce soit pour un voyage d\u2019affaires, une escapade en famille ou une simple journ\u00e9e [&hellip;]\" \/>\n<meta property=\"og:url\" content=\"https:\/\/taghicar.com\/nl\/qui-sommes-nous\/\" \/>\n<meta property=\"og:site_name\" content=\"TAGHI-CAR\" \/>\n<meta property=\"article:modified_time\" content=\"2025-02-05T14:01:39+00:00\" \/>\n<meta property=\"og:image\" content=\"https:\/\/taghicar.com\/wp-content\/uploads\/2025\/02\/09bc9040-b964-4b8f-8a57-47454b6ad633.jpg\" \/>\n\t<meta property=\"og:image:width\" content=\"780\" \/>\n\t<meta property=\"og:image:height\" content=\"468\" \/>\n\t<meta property=\"og:image:type\" content=\"image\/jpeg\" \/>\n<meta name=\"twitter:card\" content=\"summary_large_image\" \/>\n<meta name=\"twitter:label1\" content=\"Geschatte leestijd\" \/>\n\t<meta name=\"twitter:data1\" content=\"1 minuut\" \/>\n<script type=\"application\/ld+json\" class=\"yoast-schema-graph\">{\"@context\":\"https:\\\/\\\/schema.org\",\"@graph\":[{\"@type\":\"WebPage\",\"@id\":\"https:\\\/\\\/taghicar.com\\\/qui-sommes-nous\\\/\",\"url\":\"https:\\\/\\\/taghicar.com\\\/qui-sommes-nous\\\/\",\"name\":\"Qui sommes-nous? - TAGHI-CAR\",\"isPartOf\":{\"@id\":\"https:\\\/\\\/taghicar.com\\\/#website\"},\"primaryImageOfPage\":{\"@id\":\"https:\\\/\\\/taghicar.com\\\/qui-sommes-nous\\\/#primaryimage\"},\"image\":{\"@id\":\"https:\\\/\\\/taghicar.com\\\/qui-sommes-nous\\\/#primaryimage\"},\"thumbnailUrl\":\"https:\\\/\\\/taghicar.com\\\/wp-content\\\/uploads\\\/2025\\\/02\\\/09bc9040-b964-4b8f-8a57-47454b6ad633.jpg\",\"datePublished\":\"2023-10-17T08:56:54+00:00\",\"dateModified\":\"2025-02-05T14:01:39+00:00\",\"breadcrumb\":{\"@id\":\"https:\\\/\\\/taghicar.com\\\/qui-sommes-nous\\\/#breadcrumb\"},\"inLanguage\":\"nl-NL\",\"potentialAction\":[{\"@type\":\"ReadAction\",\"target\":[\"https:\\\/\\\/taghicar.com\\\/qui-sommes-nous\\\/\"]}]},{\"@type\":\"ImageObject\",\"inLanguage\":\"nl-NL\",\"@id\":\"https:\\\/\\\/taghicar.com\\\/qui-sommes-nous\\\/#primaryimage\",\"url\":\"https:\\\/\\\/taghicar.com\\\/wp-content\\\/uploads\\\/2025\\\/02\\\/09bc9040-b964-4b8f-8a57-47454b6ad633.jpg\",\"contentUrl\":\"https:\\\/\\\/taghicar.com\\\/wp-content\\\/uploads\\\/2025\\\/02\\\/09bc9040-b964-4b8f-8a57-47454b6ad633.jpg\"},{\"@type\":\"BreadcrumbList\",\"@id\":\"https:\\\/\\\/taghicar.com\\\/qui-sommes-nous\\\/#breadcrumb\",\"itemListElement\":[{\"@type\":\"ListItem\",\"position\":1,\"name\":\"Accueil\",\"item\":\"https:\\\/\\\/taghicar.com\\\/\"},{\"@type\":\"ListItem\",\"position\":2,\"name\":\"Qui sommes-nous?\"}]},{\"@type\":\"WebSite\",\"@id\":\"https:\\\/\\\/taghicar.com\\\/#website\",\"url\":\"https:\\\/\\\/taghicar.com\\\/\",\"name\":\"TAGHI-CAR\",\"description\":\"\",\"potentialAction\":[{\"@type\":\"SearchAction\",\"target\":{\"@type\":\"EntryPoint\",\"urlTemplate\":\"https:\\\/\\\/taghicar.com\\\/?s={search_term_string}\"},\"query-input\":{\"@type\":\"PropertyValueSpecification\",\"valueRequired\":true,\"valueName\":\"search_term_string\"}}],\"inLanguage\":\"nl-NL\"},{\"@type\":\"ImageObject\",\"inLanguage\":\"nl-NL\",\"@id\":\"https:\\\/\\\/taghicar.com\\\/qui-sommes-nous\\\/#local-main-organization-logo\",\"url\":\"\",\"contentUrl\":\"\",\"caption\":\"TAGHI-CAR\"}]}<\/script>\n<!-- \/ Yoast SEO Premium plugin. -->","yoast_head_json":{"title":"Qui sommes-nous? - TAGHI-CAR","robots":{"index":"index","follow":"follow","max-snippet":"max-snippet:-1","max-image-preview":"max-image-preview:large","max-video-preview":"max-video-preview:-1"},"canonical":"https:\/\/taghicar.com\/nl\/qui-sommes-nous\/","og_locale":"nl_NL","og_type":"article","og_title":"Qui sommes-nous?","og_description":"Qui sommes-nous? \u00c0 propos de l&#039;entreprise Apprenez \u00e0 conna\u00eetre TAGHI CAR \u2013 Votre solution de Location Voitures Tanger TAGHI CAR est une agence de location voitures Tanger, au Maroc. Nous offrons un large choix de v\u00e9hicules pour tous vos besoins, que ce soit pour un voyage d\u2019affaires, une escapade en famille ou une simple journ\u00e9e [&hellip;]","og_url":"https:\/\/taghicar.com\/nl\/qui-sommes-nous\/","og_site_name":"TAGHI-CAR","article_modified_time":"2025-02-05T14:01:39+00:00","og_image":[{"width":780,"height":468,"url":"https:\/\/taghicar.com\/wp-content\/uploads\/2025\/02\/09bc9040-b964-4b8f-8a57-47454b6ad633.jpg","type":"image\/jpeg"}],"twitter_card":"summary_large_image","twitter_misc":{"Geschatte leestijd":"1 minuut"},"schema":{"@context":"https:\/\/schema.org","@graph":[{"@type":"WebPage","@id":"https:\/\/taghicar.com\/qui-sommes-nous\/","url":"https:\/\/taghicar.com\/qui-sommes-nous\/","name":"Qui sommes-nous? - TAGHI-CAR","isPartOf":{"@id":"https:\/\/taghicar.com\/#website"},"primaryImageOfPage":{"@id":"https:\/\/taghicar.com\/qui-sommes-nous\/#primaryimage"},"image":{"@id":"https:\/\/taghicar.com\/qui-sommes-nous\/#primaryimage"},"thumbnailUrl":"https:\/\/taghicar.com\/wp-content\/uploads\/2025\/02\/09bc9040-b964-4b8f-8a57-47454b6ad633.jpg","datePublished":"2023-10-17T08:56:54+00:00","dateModified":"2025-02-05T14:01:39+00:00","breadcrumb":{"@id":"https:\/\/taghicar.com\/qui-sommes-nous\/#breadcrumb"},"inLanguage":"nl-NL","potentialAction":[{"@type":"ReadAction","target":["https:\/\/taghicar.com\/qui-sommes-nous\/"]}]},{"@type":"ImageObject","inLanguage":"nl-NL","@id":"https:\/\/taghicar.com\/qui-sommes-nous\/#primaryimage","url":"https:\/\/taghicar.com\/wp-content\/uploads\/2025\/02\/09bc9040-b964-4b8f-8a57-47454b6ad633.jpg","contentUrl":"https:\/\/taghicar.com\/wp-content\/uploads\/2025\/02\/09bc9040-b964-4b8f-8a57-47454b6ad633.jpg"},{"@type":"BreadcrumbList","@id":"https:\/\/taghicar.com\/qui-sommes-nous\/#breadcrumb","itemListElement":[{"@type":"ListItem","position":1,"name":"Accueil","item":"https:\/\/taghicar.com\/"},{"@type":"ListItem","position":2,"name":"Qui sommes-nous?"}]},{"@type":"WebSite","@id":"https:\/\/taghicar.com\/#website","url":"https:\/\/taghicar.com\/","name":"TAGHI-CAR","description":"","potentialAction":[{"@type":"SearchAction","target":{"@type":"EntryPoint","urlTemplate":"https:\/\/taghicar.com\/?s={search_term_string}"},"query-input":{"@type":"PropertyValueSpecification","valueRequired":true,"valueName":"search_term_string"}}],"inLanguage":"nl-NL"},{"@type":"ImageObject","inLanguage":"nl-NL","@id":"https:\/\/taghicar.com\/qui-sommes-nous\/#local-main-organization-logo","url":"","contentUrl":"","caption":"TAGHI-CAR"}]}},"_links":{"self":[{"href":"https:\/\/taghicar.com\/nl\/wp-json\/wp\/v2\/pages\/53","targetHints":{"allow":["GET"]}}],"collection":[{"href":"https:\/\/taghicar.com\/nl\/wp-json\/wp\/v2\/pages"}],"about":[{"href":"https:\/\/taghicar.com\/nl\/wp-json\/wp\/v2\/types\/page"}],"author":[{"embeddable":true,"href":"https:\/\/taghicar.com\/nl\/wp-json\/wp\/v2\/users\/1"}],"replies":[{"embeddable":true,"href":"https:\/\/taghicar.com\/nl\/wp-json\/wp\/v2\/comments?post=53"}],"version-history":[{"count":44,"href":"https:\/\/taghicar.com\/nl\/wp-json\/wp\/v2\/pages\/53\/revisions"}],"predecessor-version":[{"id":7498,"href":"https:\/\/taghicar.com\/nl\/wp-json\/wp\/v2\/pages\/53\/revisions\/7498"}],"wp:attachment":[{"href":"https:\/\/taghicar.com\/nl\/wp-json\/wp\/v2\/media?parent=53"}],"curies":[{"name":"wp","href":"https:\/\/api.w.org\/{rel}","templated":true}]}}